{"id":50,"date":"2016-03-22T15:33:35","date_gmt":"2016-03-22T15:33:35","guid":{"rendered":"http:\/\/lavanderiasunfresh.com.br\/?page_id=50"},"modified":"2020-09-28T17:53:17","modified_gmt":"2020-09-28T17:53:17","slug":"home","status":"publish","type":"page","link":"https:\/\/lavanderiasunfresh.com.br\/","title":{"rendered":"Home"},"content":{"rendered":"<p>[et_pb_section bb_built=&#8221;1&#8243; admin_label=&#8221;section&#8221; fullwidth=&#8221;on&#8221; specialty=&#8221;off&#8221; inner_width=&#8221;auto&#8221; inner_max_width=&#8221;1080px&#8221; next_background_color=&#8221;#000000&#8243;][et_pb_fullwidth_image admin_label=&#8221;Imagem de Largura Inteira&#8221; src=&#8221;http:\/\/lavanderiasunfresh.com.br\/wp-content\/uploads\/2016\/03\/banner.linha_.lavanderia.01.jpg&#8221; show_in_lightbox=&#8221;off&#8221; url_new_window=&#8221;off&#8221; animation=&#8221;left&#8221; use_border_color=&#8221;off&#8221; border_color=&#8221;#ffffff&#8221; border_style=&#8221;solid&#8221; animation_style=&#8221;slide&#8221; animation_duration=&#8221;500ms&#8221; animation_intensity_slide=&#8221;10%&#8221; animation_direction=&#8221;left&#8221;]<\/p>\n<p><\/p>\n<p>[\/et_pb_fullwidth_image][\/et_pb_section][et_pb_section bb_built=&#8221;1&#8243; admin_label=&#8221;section&#8221; inner_width=&#8221;auto&#8221; inner_max_width=&#8221;1080px&#8221; prev_background_color=&#8221;#000000&#8243; next_background_color=&#8221;#000000&#8243;][et_pb_row admin_label=&#8221;row&#8221; background_position=&#8221;top_left&#8221; background_repeat=&#8221;repeat&#8221; background_size=&#8221;initial&#8221; width=&#8221;80%&#8221; max_width=&#8221;1080px&#8221;][et_pb_column type=&#8221;1_3&#8243; custom_padding__hover=&#8221;|||&#8221; custom_padding=&#8221;|||&#8221;][et_pb_blurb title=&#8221;Institucional &#8221; url_new_window=&#8221;off&#8221; use_icon=&#8221;on&#8221; icon_color=&#8221;#00587a&#8221; use_circle=&#8221;off&#8221; circle_color=&#8221;#2ea3f2&#8243; use_circle_border=&#8221;off&#8221; circle_border_color=&#8221;#2ea3f2&#8243; image=&#8221;http:\/\/elegantthemesimages.com\/images\/premade\/d2-placeholder-320px.jpg&#8221; icon_placement=&#8221;top&#8221; animation=&#8221;top&#8221; background_layout=&#8221;light&#8221; text_orientation=&#8221;center&#8221; font_icon=&#8221;%%209%%&#8221; use_icon_font_size=&#8221;off&#8221; header_font_size=&#8221;18&#8243; body_font_size=&#8221;14&#8243; use_border_color=&#8221;off&#8221; border_color=&#8221;#ffffff&#8221; border_style=&#8221;solid&#8221; url=&#8221;http:\/\/lavanderiasunfresh.com.br\/index.php\/institucional\/&#8221; background_position=&#8221;top_left&#8221; background_repeat=&#8221;repeat&#8221; background_size=&#8221;initial&#8221; image_max_width=&#8221;none&#8221;]<\/p>\n<p>\nA Lavanderia Sunfresh \u00e9 uma empresa comprometida com a qualidade dos servi\u00e7os prestados e em oferecer o melhor atendimento aos seus clientes&#8230; \u00a0<a href=\"http:\/\/lavanderiasunfresh.com.br\/index.php\/institucional\/\">(saiba mais)<\/a><\/p>\n<p>[\/et_pb_blurb][\/et_pb_column][et_pb_column type=&#8221;1_3&#8243; custom_padding__hover=&#8221;|||&#8221; custom_padding=&#8221;|||&#8221;][et_pb_blurb title=&#8221;Servi\u00e7os &#8221; url_new_window=&#8221;off&#8221; use_icon=&#8221;off&#8221; icon_color=&#8221;#2ea3f2&#8243; use_circle=&#8221;off&#8221; circle_color=&#8221;#2ea3f2&#8243; use_circle_border=&#8221;off&#8221; circle_border_color=&#8221;#2ea3f2&#8243; image=&#8221;http:\/\/lavanderiasunfresh.com.br\/wp-content\/uploads\/2016\/03\/icon-001.png&#8221; icon_placement=&#8221;top&#8221; animation=&#8221;top&#8221; background_layout=&#8221;light&#8221; text_orientation=&#8221;center&#8221; use_icon_font_size=&#8221;off&#8221; header_font_size=&#8221;18&#8243; body_font_size=&#8221;14&#8243; use_border_color=&#8221;off&#8221; border_color=&#8221;#ffffff&#8221; border_style=&#8221;solid&#8221; url=&#8221;http:\/\/lavanderiasunfresh.com.br\/index.php\/servicos\/&#8221; background_position=&#8221;top_left&#8221; background_repeat=&#8221;repeat&#8221; background_size=&#8221;initial&#8221; image_max_width=&#8221;none&#8221;]<\/p>\n<p>\nOferecemos aos nossos clientes, agilidade e qualidade em todo o processo de sele\u00e7\u00e3o e higieniza\u00e7\u00e3o&#8230; <a href=\"http:\/\/lavanderiasunfresh.com.br\/index.php\/servicos\/\">(saiba mais)\u00a0<\/a><\/p>\n<p>[\/et_pb_blurb][\/et_pb_column][et_pb_column type=&#8221;1_3&#8243; custom_padding__hover=&#8221;|||&#8221; custom_padding=&#8221;|||&#8221;][et_pb_blurb title=&#8221;Contato &#8221; url_new_window=&#8221;off&#8221; use_icon=&#8221;on&#8221; icon_color=&#8221;#00587a&#8221; use_circle=&#8221;off&#8221; circle_color=&#8221;#2ea3f2&#8243; use_circle_border=&#8221;off&#8221; circle_border_color=&#8221;#2ea3f2&#8243; image=&#8221;http:\/\/elegantthemesimages.com\/images\/premade\/d2-placeholder-320px.jpg&#8221; icon_placement=&#8221;top&#8221; animation=&#8221;top&#8221; background_layout=&#8221;light&#8221; text_orientation=&#8221;center&#8221; font_icon=&#8221;%%264%%&#8221; use_icon_font_size=&#8221;off&#8221; header_font_size=&#8221;18&#8243; body_font_size=&#8221;14&#8243; use_border_color=&#8221;off&#8221; border_color=&#8221;#ffffff&#8221; border_style=&#8221;solid&#8221; url=&#8221;http:\/\/lavanderiasunfresh.com.br\/index.php\/contato\/&#8221; background_position=&#8221;top_left&#8221; background_repeat=&#8221;repeat&#8221; background_size=&#8221;initial&#8221; image_max_width=&#8221;none&#8221;]<\/p>\n<h5><strong>Telefone<br \/>\n<\/strong><br \/>\n(61) 3554-7573<\/h5>\n<p>[\/et_pb_blurb][\/et_pb_column][\/et_pb_row][\/et_pb_section][et_pb_section bb_built=&#8221;1&#8243; admin_label=&#8221;section&#8221; fullwidth=&#8221;off&#8221; specialty=&#8221;off&#8221; inner_shadow=&#8221;off&#8221; parallax=&#8221;off&#8221; inner_width=&#8221;auto&#8221; inner_max_width=&#8221;1080px&#8221; prev_background_color=&#8221;#000000&#8243;][et_pb_row admin_label=&#8221;row&#8221; background_position=&#8221;top_left&#8221; background_repeat=&#8221;repeat&#8221; background_size=&#8221;initial&#8221; width=&#8221;80%&#8221; max_width=&#8221;1080px&#8221;][et_pb_column type=&#8221;4_4&#8243; custom_padding__hover=&#8221;|||&#8221; custom_padding=&#8221;|||&#8221;][et_pb_contact_form captcha=&#8221;on&#8221; title=&#8221;Fale conosco &#8221; email=&#8221;comercial@lavanderiasunfresh.com.br&#8221; title_font_size=&#8221;26&#8243; form_field_font_size=&#8221;14&#8243; use_border_color=&#8221;off&#8221; border_color=&#8221;#ffffff&#8221; border_style=&#8221;solid&#8221; custom_button=&#8221;off&#8221; button_text_size=&#8221;20&#8243; button_border_width=&#8221;2&#8243; button_border_radius=&#8221;3&#8243; button_letter_spacing=&#8221;0&#8243; button_use_icon=&#8221;default&#8221; button_icon_placement=&#8221;right&#8221; button_on_hover=&#8221;on&#8221; button_border_radius_hover=&#8221;3&#8243; button_letter_spacing_hover=&#8221;0&#8243; border_radii=&#8221;on||||&#8221; \/][\/et_pb_column][\/et_pb_row][\/et_pb_section]<\/p>\n","protected":false},"excerpt":{"rendered":"<p>A Lavanderia Sunfresh \u00e9 uma empresa comprometida com a qualidade dos servi\u00e7os prestados e em oferecer o melhor atendimento aos seus clientes&#8230; \u00a0(saiba mais) Oferecemos aos nossos clientes, agilidade e qualidade em todo o processo de sele\u00e7\u00e3o e higieniza\u00e7\u00e3o&#8230; (saiba mais)\u00a0 Telefone (61) 3554-7573<\/p>\n","protected":false},"author":1,"featured_media":0,"parent":0,"menu_order":0,"comment_status":"closed","ping_status":"closed","template":"","meta":{"_et_pb_use_builder":"on","_et_pb_old_content":"","_et_gb_content_width":"","footnotes":""},"class_list":["post-50","page","type-page","status-publish","hentry"],"_links":{"self":[{"href":"https:\/\/lavanderiasunfresh.com.br\/index.php\/wp-json\/wp\/v2\/pages\/50","targetHints":{"allow":["GET"]}}],"collection":[{"href":"https:\/\/lavanderiasunfresh.com.br\/index.php\/wp-json\/wp\/v2\/pages"}],"about":[{"href":"https:\/\/lavanderiasunfresh.com.br\/index.php\/wp-json\/wp\/v2\/types\/page"}],"author":[{"embeddable":true,"href":"https:\/\/lavanderiasunfresh.com.br\/index.php\/wp-json\/wp\/v2\/users\/1"}],"replies":[{"embeddable":true,"href":"https:\/\/lavanderiasunfresh.com.br\/index.php\/wp-json\/wp\/v2\/comments?post=50"}],"version-history":[{"count":0,"href":"https:\/\/lavanderiasunfresh.com.br\/index.php\/wp-json\/wp\/v2\/pages\/50\/revisions"}],"wp:attachment":[{"href":"https:\/\/lavanderiasunfresh.com.br\/index.php\/wp-json\/wp\/v2\/media?parent=50"}],"curies":[{"name":"wp","href":"https:\/\/api.w.org\/{rel}","templated":true}]}}