{"id":42,"date":"2016-03-22T14:46:09","date_gmt":"2016-03-22T14:46:09","guid":{"rendered":"http:\/\/lavanderiasunfresh.com.br\/?page_id=42"},"modified":"2016-03-22T17:28:40","modified_gmt":"2016-03-22T17:28:40","slug":"unidades","status":"publish","type":"page","link":"https:\/\/lavanderiasunfresh.com.br\/index.php\/unidades\/","title":{"rendered":"Unidades"},"content":{"rendered":"<p>[et_pb_section admin_label=&#8221;section&#8221;][et_pb_row admin_label=&#8221;row&#8221;][et_pb_column type=&#8221;4_4&#8243;][et_pb_text admin_label=&#8221;Texto&#8221; background_layout=&#8221;light&#8221; text_orientation=&#8221;left&#8221; text_font_size=&#8221;14&#8243; use_border_color=&#8221;off&#8221; border_color=&#8221;#ffffff&#8221; border_style=&#8221;solid&#8221;]<\/p>\n<p style=\"text-align: center;\"><img decoding=\"async\" class=\"alignnone size-full wp-image-81\" src=\"http:\/\/lavanderiasunfresh.com.br\/wp-content\/uploads\/2016\/03\/original-google-maps-icon.png\" alt=\"original-google-maps-icon\" width=\"256\" height=\"256\" srcset=\"https:\/\/lavanderiasunfresh.com.br\/wp-content\/uploads\/2016\/03\/original-google-maps-icon.png 256w, https:\/\/lavanderiasunfresh.com.br\/wp-content\/uploads\/2016\/03\/original-google-maps-icon-150x150.png 150w\" sizes=\"(max-width: 256px) 100vw, 256px\" \/><\/p>\n<p style=\"text-align: justify;\">Nossa sede fica localizada no Hotel The Sun, em uma \u00e1rea de 627m2, pr\u00f3ximo a grandes restaurantes, hot\u00e9is. Essa localiza\u00e7\u00e3o estrat\u00e9gica facilita na log\u00edstica de coleta e entrega dos materiais.<\/p>\n<p>[\/et_pb_text][\/et_pb_column][\/et_pb_row][\/et_pb_section]<\/p>\n","protected":false},"excerpt":{"rendered":"<p>Nossa sede fica localizada no Hotel The Sun, em uma \u00e1rea de 627m2, pr\u00f3ximo a grandes restaurantes, hot\u00e9is. Essa localiza\u00e7\u00e3o estrat\u00e9gica facilita na log\u00edstica de coleta e entrega dos materiais.<\/p>\n","protected":false},"author":1,"featured_media":0,"parent":0,"menu_order":0,"comment_status":"closed","ping_status":"closed","template":"","meta":{"_et_pb_use_builder":"on","_et_pb_old_content":"<p style=\"text-align: justify;\">Nossa sede fica localizada no Hotel The Sun, em uma \u00e1rea de 627m2, pr\u00f3ximo a grandes restaurantes, hot\u00e9is. Essa localiza\u00e7\u00e3o estrat\u00e9gica facilita na log\u00edstica de coleta e entrega dos materiais.<\/p>","_et_gb_content_width":"","footnotes":""},"class_list":["post-42","page","type-page","status-publish","hentry"],"_links":{"self":[{"href":"https:\/\/lavanderiasunfresh.com.br\/index.php\/wp-json\/wp\/v2\/pages\/42","targetHints":{"allow":["GET"]}}],"collection":[{"href":"https:\/\/lavanderiasunfresh.com.br\/index.php\/wp-json\/wp\/v2\/pages"}],"about":[{"href":"https:\/\/lavanderiasunfresh.com.br\/index.php\/wp-json\/wp\/v2\/types\/page"}],"author":[{"embeddable":true,"href":"https:\/\/lavanderiasunfresh.com.br\/index.php\/wp-json\/wp\/v2\/users\/1"}],"replies":[{"embeddable":true,"href":"https:\/\/lavanderiasunfresh.com.br\/index.php\/wp-json\/wp\/v2\/comments?post=42"}],"version-history":[{"count":0,"href":"https:\/\/lavanderiasunfresh.com.br\/index.php\/wp-json\/wp\/v2\/pages\/42\/revisions"}],"wp:attachment":[{"href":"https:\/\/lavanderiasunfresh.com.br\/index.php\/wp-json\/wp\/v2\/media?parent=42"}],"curies":[{"name":"wp","href":"https:\/\/api.w.org\/{rel}","templated":true}]}}