{"id":2,"date":"2016-03-16T14:44:03","date_gmt":"2016-03-16T14:44:03","guid":{"rendered":"http:\/\/lavanderiasunfresh.com.br\/\/?page_id=2"},"modified":"2016-03-22T17:17:01","modified_gmt":"2016-03-22T17:17:01","slug":"institucional","status":"publish","type":"page","link":"https:\/\/lavanderiasunfresh.com.br\/index.php\/institucional\/","title":{"rendered":"A SUNFRESH"},"content":{"rendered":"<p>[et_pb_section admin_label=&#8221;section&#8221;][et_pb_row admin_label=&#8221;row&#8221;][et_pb_column type=&#8221;4_4&#8243;][et_pb_text admin_label=&#8221;Texto&#8221; background_layout=&#8221;light&#8221; text_orientation=&#8221;left&#8221; text_font_size=&#8221;14&#8243; use_border_color=&#8221;off&#8221; border_color=&#8221;#ffffff&#8221; border_style=&#8221;solid&#8221;]<\/p>\n<p style=\"text-align: center;\"><img decoding=\"async\" class=\"alignnone wp-image-74\" src=\"http:\/\/lavanderiasunfresh.com.br\/wp-content\/uploads\/2016\/03\/agua.png\" alt=\"agua\" width=\"490\" height=\"281\" srcset=\"https:\/\/lavanderiasunfresh.com.br\/wp-content\/uploads\/2016\/03\/agua.png 905w, https:\/\/lavanderiasunfresh.com.br\/wp-content\/uploads\/2016\/03\/agua-300x172.png 300w, https:\/\/lavanderiasunfresh.com.br\/wp-content\/uploads\/2016\/03\/agua-768x440.png 768w\" sizes=\"(max-width: 490px) 100vw, 490px\" \/><\/p>\n<p style=\"text-align: justify;\">A <strong>Lavanderia Sunfresh<\/strong> \u00e9 uma empresa comprometida com a qualidade dos servi\u00e7os prestados e em oferecer o melhor atendimento aos seus clientes. Atua atendendo os clientes que lavam pequenas quantidades at\u00e9 grandes empresas com enormes volumes de pe\u00e7as para lavagem di\u00e1ria. Nossa sede fica localizada pr\u00f3xima ao centro de Bras\u00edlia e s\u00e3o equipadas com m\u00e1quinas modernas e equipe super qualificada para oferecer toda nossa lista de servi\u00e7os. E ainda conta com uma sede industrial de 800m\u00b2 com equipamentos apropriados para um volume enorme de pe\u00e7as, aumentando a capacidade e qualidade. Sendo tamb\u00e9m uma das poucas empresas a oferecer um servi\u00e7o de coleta e entrega seguro e garantido.<\/p>\n<p>[\/et_pb_text][\/et_pb_column][\/et_pb_row][\/et_pb_section]<\/p>\n","protected":false},"excerpt":{"rendered":"<p>A Lavanderia Sunfresh \u00e9 uma empresa comprometida com a qualidade dos servi\u00e7os prestados e em oferecer o melhor atendimento aos seus clientes. Atua atendendo os clientes que lavam pequenas quantidades at\u00e9 grandes empresas com enormes volumes de pe\u00e7as para lavagem di\u00e1ria. Nossa sede fica localizada pr\u00f3xima ao centro de Bras\u00edlia e s\u00e3o equipadas com m\u00e1quinas [&hellip;]<\/p>\n","protected":false},"author":1,"featured_media":0,"parent":0,"menu_order":0,"comment_status":"closed","ping_status":"open","template":"","meta":{"_et_pb_use_builder":"on","_et_pb_old_content":"<p>A Lavanderia Sunfresh \u00e9 uma empresa comprometida com a qualidade dos servi\u00e7os prestados e em oferecer o melhor atendimento aos seus clientes. Atua atendendo os clientes que lavam pequenas quantidades at\u00e9 grandes empresas com enormes volumes de pe\u00e7as para lavagem di\u00e1ria. Nossa sede fica localizada pr\u00f3xima ao centro de Bras\u00edlia e s\u00e3o equipadas com m\u00e1quinas modernas e equipe super qualificada para oferecer toda nossa lista de servi\u00e7os. E ainda conta com uma sede industrial de 800m\u00b2 com equipamentos apropriados para um volume enorme de pe\u00e7as, aumentando a capacidade e qualidade. Sendo tamb\u00e9m uma das poucas empresas a oferecer um servi\u00e7o de coleta e entrega seguro e garantido.<\/p>","_et_gb_content_width":"","footnotes":""},"class_list":["post-2","page","type-page","status-publish","hentry"],"_links":{"self":[{"href":"https:\/\/lavanderiasunfresh.com.br\/index.php\/wp-json\/wp\/v2\/pages\/2","targetHints":{"allow":["GET"]}}],"collection":[{"href":"https:\/\/lavanderiasunfresh.com.br\/index.php\/wp-json\/wp\/v2\/pages"}],"about":[{"href":"https:\/\/lavanderiasunfresh.com.br\/index.php\/wp-json\/wp\/v2\/types\/page"}],"author":[{"embeddable":true,"href":"https:\/\/lavanderiasunfresh.com.br\/index.php\/wp-json\/wp\/v2\/users\/1"}],"replies":[{"embeddable":true,"href":"https:\/\/lavanderiasunfresh.com.br\/index.php\/wp-json\/wp\/v2\/comments?post=2"}],"version-history":[{"count":0,"href":"https:\/\/lavanderiasunfresh.com.br\/index.php\/wp-json\/wp\/v2\/pages\/2\/revisions"}],"wp:attachment":[{"href":"https:\/\/lavanderiasunfresh.com.br\/index.php\/wp-json\/wp\/v2\/media?parent=2"}],"curies":[{"name":"wp","href":"https:\/\/api.w.org\/{rel}","templated":true}]}}